{"id":354,"date":"2023-07-27T11:37:26","date_gmt":"2023-07-27T11:37:26","guid":{"rendered":"http:\/\/zkv.rs\/fellowshipnovisad\/?page_id=354"},"modified":"2024-06-03T08:55:32","modified_gmt":"2024-06-03T08:55:32","slug":"program-2023","status":"publish","type":"page","link":"https:\/\/zkv.rs\/fellowshipnovisad\/program-2023\/","title":{"rendered":"PROGRAM 20.23"},"content":{"rendered":"\n<p class=\"has-text-align-center\"><strong>06\u201310<sup>th<\/sup> September 2023<\/strong><\/p>\n\n\n\n<p><\/p>\n\n\n\n<p class=\"has-text-align-center\"><strong>Agenda<\/strong><\/p>\n\n\n\n<figure class=\"wp-block-table\"><table><tbody><tr><td colspan=\"2\"><strong>Day 1, Novi Sad \u2013 06<sup>th <\/sup>September, Wednesday<\/strong><\/td><\/tr><tr><td colspan=\"2\"><strong>&nbsp;<\/strong><\/td><\/tr><tr><td><strong>14.00\u2013<\/strong><\/td><td>Arrival and accommodation, Hotel Centar (adr. Uspenska 1)<\/td><\/tr><tr><td><strong>18.30<\/strong><\/td><td>Reception of guests in Novi Sad \u2013 Club of the Novi Sad writers Association (adr. Mihajla Pupina 9)<\/td><\/tr><tr><td><strong>20.00<\/strong><\/td><td>Group dinner<\/td><\/tr><tr><td colspan=\"2\"><strong>&nbsp;<\/strong><\/td><\/tr><tr><td colspan=\"2\"><strong>Day 2, Novi Sad \u2013 07<sup>th <\/sup>September, Thursday<\/strong><\/td><\/tr><tr><td colspan=\"2\"><strong>&nbsp;<\/strong><\/td><\/tr><tr><td><strong>10.00<\/strong><\/td><td>Event opening \u2013 Matica Srpska (adr. Matice srpske 1)<\/td><\/tr><tr><td><strong>10.30\u201312.00<\/strong><\/td><td>Lecture on <em>Contemporary Serbian prose<\/em> at Matica Srpska Milo\u0161 Joci\u0107 (Faculty of Philosophy, Novi Sad)Sne\u017eana Savki\u0107 (Institute of Literature, Belgrade)<\/td><\/tr><tr><td><strong>12.00\u201312.30<\/strong><\/td><td>Lecture on <em>The<\/em> <em>Book Market in Serbia<\/em> Milo\u0161 Joci\u0107 (Faculty of Philosophy, Novi Sad)Mladen Veskovi\u0107 (Ministry of Culture Republic of Serbia)Milan Trpkovi\u0107 (Secretary at the Association for Publishers and Booksellers in Serbia)<\/td><\/tr><tr><td><strong>13.00\u201314.30<\/strong><\/td><td>Group lunch at the Restaurant Staro zdanje (adr. Trg Marije Trandafil 1)<\/td><\/tr><tr><td><strong>14.45\u201315.30<\/strong><\/td><td>Lecture on <em>Serbian children\u2019s literature <\/em>at Matica Srpska Sla\u0111ana Ili\u0107 (Belgrade City Library)<\/td><\/tr><tr><td><strong>15.30\u201316.00<\/strong><\/td><td>Lecture on <em>How to obtain a grant from the Ministry of the Republic of Serbia for translations<\/em> Mladen Veskovi\u0107 (Ministry of Culture Republic of Serbia)<\/td><\/tr><tr><td><strong>16.00\u201317.00<\/strong><\/td><td>Visit to the Museum of Vojvodina<\/td><\/tr><tr><td><strong>17.00\u201319.00<\/strong><\/td><td>Free time<\/td><\/tr><tr><td><strong>19.00<\/strong><\/td><td>Group dinner at the Restaurant Kafanica (adr. Pionirska)<\/td><\/tr><tr><td><strong>&nbsp;<\/strong><\/td><td><\/td><\/tr><tr><td colspan=\"2\"><strong>Day 3, Belgrade \u2013 08<sup> th <\/sup>September, Friday<\/strong><\/td><\/tr><tr><td><strong>&nbsp;<\/strong><\/td><td><\/td><\/tr><tr><td><strong>7.15<\/strong><\/td><td>Meeting at the Hotel Centar reception<\/td><\/tr><tr><td><strong>8.00<\/strong><\/td><td>Departure from the train station<\/td><\/tr><tr><td><strong>9.00<\/strong><\/td><td>Visit to the National Library of Serbia (adr. Skerli\u0107eva 1)<\/td><\/tr><tr><td><strong>9.30\u201311.00<\/strong><\/td><td>Meeting and presentation with Serbian publishers: Laguna (Nevena Milojevi\u0107 (<a href=\"mailto:nevena.milojevic@laguna.rs\">nevena.milojevic@laguna.rs<\/a>)Kreativni Centar (Ivana Bojovi\u0107 Gruji\u0107 (<a href=\"mailto:rights@kreativnicentar.rs\">rights@kreativnicentar.rs<\/a>)Geopoetika (Sonja Bajac (<a href=\"mailto:sonja.geopoetika@gmail.com\">sonja.geopoetika@gmail.com<\/a>)P\u010delica (Nevena Markovi\u0107 (<a href=\"mailto:nevena.markovic@pcelica.rs\">nevena.markovic@pcelica.rs<\/a>)\u010cigoja (Neva Saravija (<a href=\"mailto:neva@cigoja.com\">neva@cigoja.com<\/a>)Blum (Aleksandar \u0160urbatovi\u0107 (<a href=\"mailto:blum.izdavastvo@yahoo.com\">blum.izdavastvo@yahoo.com<\/a>)Akademska knjiga (\u017daneta \u0110uki\u0107 Peri\u0161i\u0107 (<a href=\"mailto:office@akademskaknjiga.com\">office@akademskaknjiga.com<\/a>)Prometej (Korana Borovi\u0107 (korana.prometej@gmail.com)<\/td><\/tr><tr><td><strong>11.15\u201313.00<\/strong><\/td><td>Catering party and a B2B meeting with Serbian publishers<\/td><\/tr><tr><td><strong>13.30-14.30<\/strong><\/td><td>Visit to the Memorial Museum of Ivo Andri\u0107<em> (<\/em>adr. Andri\u0107ev venac 8)<\/td><\/tr><tr><td><strong>15.00\u201315.30<\/strong><\/td><td>Group lunch<\/td><\/tr><tr><td><strong>16.00\u201318.00<\/strong><\/td><td>Boat ride along the Danube and Sava and a meeting and cocktail reception with Serbian writers: Vladimir Pi\u0161taloGoran Petrovi\u0107Vlada Kecmanovi\u0107Enes Halilovi\u0107Uro\u0161 Petrovi\u0107<\/td><\/tr><tr><td><strong>19.00<\/strong><\/td><td>Return to Novi Sad<\/td><\/tr><tr><td><strong>20.00<\/strong><\/td><td>Free time\/Group dinner at the Toster Bar (adr. Njego\u0161eva 10)<\/td><\/tr><tr><td colspan=\"2\"><strong>&nbsp;<\/strong><\/td><\/tr><tr><td colspan=\"2\"><strong>Day 4, Novi Sad \u2013 09<sup> th <\/sup>September, Saturday<\/strong><\/td><\/tr><tr><td colspan=\"2\"><strong>&nbsp;<\/strong><\/td><\/tr><tr><td><strong>10.00<\/strong><\/td><td>Exhibition of books of Serbian authors translated into English \u2013 Digital Youth Centre (adr. Vojvode Putnika 1)<\/td><\/tr><tr><td><strong>11.00\u201312.00<\/strong><\/td><td>Projection of the movie \u2019\u2019<em>Bestseller<\/em>\u2019\u2019<\/td><\/tr><tr><td><strong>12.30\u201313.00<\/strong><\/td><td>Workshop with Olga Lali\u0107 Krowicka and Dragan Jovanovi\u0107 Danilov on how to translate a foreign writer and promote him in a new environment<\/td><\/tr><tr><td><strong>13.15 \u2013 13.50<\/strong><\/td><td>Projection of the movie \u2019\u2019<em>Light and Shadows\u2019\u2019 <\/em>about Sava \u0160umanovi\u0107<\/td><\/tr><tr><td><strong>14.30<\/strong><\/td><td>Visit to the Museum of Novi Sad and the Petrovaradin Fortress<\/td><\/tr><tr><td><strong>16:00<\/strong><\/td><td>Group lunch<\/td><\/tr><tr><td><strong>18.00<\/strong><\/td><td>Free time<\/td><\/tr><tr><td><strong>20.00<\/strong><\/td><td>Group dinner at the Restaurant Soka\u010de (adr. Nikole Pa\u0161i\u0107a 24)<\/td><\/tr><\/tbody><\/table><\/figure>\n\n\n\n<figure class=\"wp-block-table\"><table><tbody><tr><td><strong>Day 5, Novi Sad \u2013 10<sup>th <\/sup>September, Sunday<\/strong><\/td><\/tr><\/tbody><\/table><\/figure>\n\n\n\n<figure class=\"wp-block-table\"><table><tbody><tr><td><strong>08.00-<\/strong><\/td><td>Departure<\/td><\/tr><\/tbody><\/table><\/figure>\n\n\n\n<p><strong>Welcome!<\/strong><\/p>\n","protected":false},"excerpt":{"rendered":"<p>06\u201310th September 2023 Agenda Day 1, Novi Sad \u2013 06th September, Wednesday &nbsp; 14.00\u2013 Arrival and accommodation, Hotel Centar (adr. Uspenska 1) 18.30 Reception of guests in Novi Sad \u2013 Club of the Novi Sad writers Association (adr. Mihajla Pupina 9) 20.00 Group dinner &nbsp; Day 2, Novi Sad \u2013 07th September, Thursday &nbsp; 10.00 [&hellip;]<\/p>\n","protected":false},"author":1,"featured_media":0,"parent":0,"menu_order":0,"comment_status":"closed","ping_status":"closed","template":"","meta":{"footnotes":""},"_links":{"self":[{"href":"https:\/\/zkv.rs\/fellowshipnovisad\/wp-json\/wp\/v2\/pages\/354"}],"collection":[{"href":"https:\/\/zkv.rs\/fellowshipnovisad\/wp-json\/wp\/v2\/pages"}],"about":[{"href":"https:\/\/zkv.rs\/fellowshipnovisad\/wp-json\/wp\/v2\/types\/page"}],"author":[{"embeddable":true,"href":"https:\/\/zkv.rs\/fellowshipnovisad\/wp-json\/wp\/v2\/users\/1"}],"replies":[{"embeddable":true,"href":"https:\/\/zkv.rs\/fellowshipnovisad\/wp-json\/wp\/v2\/comments?post=354"}],"version-history":[{"count":2,"href":"https:\/\/zkv.rs\/fellowshipnovisad\/wp-json\/wp\/v2\/pages\/354\/revisions"}],"predecessor-version":[{"id":653,"href":"https:\/\/zkv.rs\/fellowshipnovisad\/wp-json\/wp\/v2\/pages\/354\/revisions\/653"}],"wp:attachment":[{"href":"https:\/\/zkv.rs\/fellowshipnovisad\/wp-json\/wp\/v2\/media?parent=354"}],"curies":[{"name":"wp","href":"https:\/\/api.w.org\/{rel}","templated":true}]}}